{"id":1027,"date":"2025-01-20T11:14:54","date_gmt":"2025-01-20T10:14:54","guid":{"rendered":"https:\/\/cil.bf\/?page_id=1027"},"modified":"2025-01-20T11:14:55","modified_gmt":"2025-01-20T10:14:55","slug":"decret","status":"publish","type":"page","link":"https:\/\/cil.bf\/?page_id=1027","title":{"rendered":"D\u00e9cret"},"content":{"rendered":"\n<div data-wp-interactive=\"core\/file\" class=\"wp-block-file\"><object data-wp-bind--hidden=\"!state.hasPdfPreview\" hidden class=\"wp-block-file__embed\" data=\"https:\/\/cil.bf\/wp-content\/uploads\/2025\/01\/DECRET-N\u00b0-2020-562-du-30-juin-2020-portant-organisation-et-fonctionnement-de-lARCEP.pdf\" type=\"application\/pdf\" style=\"width:100%;height:600px\" aria-label=\"Contenu embarqu\u00e9 DECRET-N\u00b0-2020-562-du-30-juin-2020-portant-organisation-et-fonctionnement-de-lARCEP.\"><\/object><a id=\"wp-block-file--media-9d13fbf4-a3b7-4257-b4d3-f0ec89faa497\" href=\"https:\/\/cil.bf\/wp-content\/uploads\/2025\/01\/DECRET-N\u00b0-2020-562-du-30-juin-2020-portant-organisation-et-fonctionnement-de-lARCEP.pdf\">DECRET-N\u00b0-2020-562-du-30-juin-2020-portant-organisation-et-fonctionnement-de-lARCEP<\/a><a href=\"https:\/\/cil.bf\/wp-content\/uploads\/2025\/01\/DECRET-N\u00b0-2020-562-du-30-juin-2020-portant-organisation-et-fonctionnement-de-lARCEP.pdf\" class=\"wp-block-file__button wp-element-button\" download aria-describedby=\"wp-block-file--media-9d13fbf4-a3b7-4257-b4d3-f0ec89faa497\">T\u00e9l\u00e9charger<\/a><\/div>\n\n\n\n<div data-wp-interactive=\"core\/file\" class=\"wp-block-file\"><object data-wp-bind--hidden=\"!state.hasPdfPreview\" hidden class=\"wp-block-file__embed\" data=\"https:\/\/cil.bf\/wp-content\/uploads\/2025\/01\/Decret-Org_-et-Fonct_-CIL.pdf\" type=\"application\/pdf\" style=\"width:100%;height:600px\" aria-label=\"Contenu embarqu\u00e9 Decret-Org_-et-Fonct_-CIL.\"><\/object><a id=\"wp-block-file--media-983a83d6-59b8-44f8-a52e-9cbf19d072f1\" href=\"https:\/\/cil.bf\/wp-content\/uploads\/2025\/01\/Decret-Org_-et-Fonct_-CIL.pdf\">Decret-Org_-et-Fonct_-CIL<\/a><a href=\"https:\/\/cil.bf\/wp-content\/uploads\/2025\/01\/Decret-Org_-et-Fonct_-CIL.pdf\" class=\"wp-block-file__button wp-element-button\" download aria-describedby=\"wp-block-file--media-983a83d6-59b8-44f8-a52e-9cbf19d072f1\">T\u00e9l\u00e9charger<\/a><\/div>\n\n\n\n<div data-wp-interactive=\"core\/file\" class=\"wp-block-file\"><object data-wp-bind--hidden=\"!state.hasPdfPreview\" hidden class=\"wp-block-file__embed\" data=\"https:\/\/cil.bf\/wp-content\/uploads\/2025\/01\/Decret-BCLCC.pdf\" type=\"application\/pdf\" style=\"width:100%;height:600px\" aria-label=\"Contenu embarqu\u00e9 Decret-BCLCC.\"><\/object><a id=\"wp-block-file--media-fe438380-89f6-4b92-94a4-77c8f7523989\" href=\"https:\/\/cil.bf\/wp-content\/uploads\/2025\/01\/Decret-BCLCC.pdf\">Decret-BCLCC<\/a><a href=\"https:\/\/cil.bf\/wp-content\/uploads\/2025\/01\/Decret-BCLCC.pdf\" class=\"wp-block-file__button wp-element-button\" download aria-describedby=\"wp-block-file--media-fe438380-89f6-4b92-94a4-77c8f7523989\">T\u00e9l\u00e9charger<\/a><\/div>\n\n\n\n<div data-wp-interactive=\"core\/file\" class=\"wp-block-file\"><object data-wp-bind--hidden=\"!state.hasPdfPreview\" hidden class=\"wp-block-file__embed\" data=\"https:\/\/cil.bf\/wp-content\/uploads\/2025\/01\/Decret-Application-CIL.pdf\" type=\"application\/pdf\" style=\"width:100%;height:600px\" aria-label=\"Contenu embarqu\u00e9 Decret-Application-CIL.\"><\/object><a id=\"wp-block-file--media-dbb71996-7c7a-41ee-b8b1-753ba684585c\" href=\"https:\/\/cil.bf\/wp-content\/uploads\/2025\/01\/Decret-Application-CIL.pdf\">Decret-Application-CIL<\/a><a href=\"https:\/\/cil.bf\/wp-content\/uploads\/2025\/01\/Decret-Application-CIL.pdf\" class=\"wp-block-file__button wp-element-button\" download aria-describedby=\"wp-block-file--media-dbb71996-7c7a-41ee-b8b1-753ba684585c\">T\u00e9l\u00e9charger<\/a><\/div>\n\n\n\n<div data-wp-interactive=\"core\/file\" class=\"wp-block-file\"><object data-wp-bind--hidden=\"!state.hasPdfPreview\" hidden class=\"wp-block-file__embed\" data=\"https:\/\/cil.bf\/wp-content\/uploads\/2025\/01\/DECRET-IDENTIFICATION-DES-ABONNES.pdf\" type=\"application\/pdf\" style=\"width:100%;height:600px\" aria-label=\"Contenu embarqu\u00e9 DECRET-IDENTIFICATION-DES-ABONNES.\"><\/object><a id=\"wp-block-file--media-038a0bbb-2781-40a8-b0c6-1bce44a022e9\" href=\"https:\/\/cil.bf\/wp-content\/uploads\/2025\/01\/DECRET-IDENTIFICATION-DES-ABONNES.pdf\">DECRET-IDENTIFICATION-DES-ABONNES<\/a><a href=\"https:\/\/cil.bf\/wp-content\/uploads\/2025\/01\/DECRET-IDENTIFICATION-DES-ABONNES.pdf\" class=\"wp-block-file__button wp-element-button\" download aria-describedby=\"wp-block-file--media-038a0bbb-2781-40a8-b0c6-1bce44a022e9\">T\u00e9l\u00e9charger<\/a><\/div>\n","protected":false},"excerpt":{"rendered":"<p>DECRET-N\u00b0-2020-562-du-30-juin-2020-portant-organisation-et-fonctionnement-de-lARCEPT\u00e9l\u00e9charger Decret-Org_-et-Fonct_-CILT\u00e9l\u00e9charger Decret-BCLCCT\u00e9l\u00e9charger Decret-Application-CILT\u00e9l\u00e9charger DECRET-IDENTIFICATION-DES-ABONNEST\u00e9l\u00e9charger<\/p>\n","protected":false},"author":1,"featured_media":0,"parent":0,"menu_order":0,"comment_status":"closed","ping_status":"closed","template":"","meta":{"footnotes":""},"class_list":["post-1027","page","type-page","status-publish",""],"jetpack_sharing_enabled":true,"_links":{"self":[{"href":"https:\/\/cil.bf\/index.php?rest_route=\/wp\/v2\/pages\/1027","targetHints":{"allow":["GET"]}}],"collection":[{"href":"https:\/\/cil.bf\/index.php?rest_route=\/wp\/v2\/pages"}],"about":[{"href":"https:\/\/cil.bf\/index.php?rest_route=\/wp\/v2\/types\/page"}],"author":[{"embeddable":true,"href":"https:\/\/cil.bf\/index.php?rest_route=\/wp\/v2\/users\/1"}],"replies":[{"embeddable":true,"href":"https:\/\/cil.bf\/index.php?rest_route=%2Fwp%2Fv2%2Fcomments&post=1027"}],"version-history":[{"count":1,"href":"https:\/\/cil.bf\/index.php?rest_route=\/wp\/v2\/pages\/1027\/revisions"}],"predecessor-version":[{"id":1037,"href":"https:\/\/cil.bf\/index.php?rest_route=\/wp\/v2\/pages\/1027\/revisions\/1037"}],"wp:attachment":[{"href":"https:\/\/cil.bf\/index.php?rest_route=%2Fwp%2Fv2%2Fmedia&parent=1027"}],"curies":[{"name":"wp","href":"https:\/\/api.w.org\/{rel}","templated":true}]}}